{"id":2179,"date":"2024-09-18T06:08:54","date_gmt":"2024-09-18T06:08:54","guid":{"rendered":"https:\/\/boingbar.com\/?page_id=2179"},"modified":"2024-09-18T06:26:03","modified_gmt":"2024-09-18T06:26:03","slug":"posao-konobar-konobarica","status":"publish","type":"page","link":"https:\/\/boingbar.com\/en\/posao-konobar-konobarica\/","title":{"rendered":"Posao Konobar Konobarica"},"content":{"rendered":"<div data-elementor-type=\"wp-page\" data-elementor-id=\"2179\" class=\"elementor elementor-2179\">\n\t\t\t\t\t\t<section class=\"elementor-section elementor-top-section elementor-element elementor-element-e7d16cb elementor-section-boxed elementor-section-height-default elementor-section-height-default\" data-id=\"e7d16cb\" data-element_type=\"section\" data-e-type=\"section\" data-settings=\"{&quot;background_background&quot;:&quot;classic&quot;}\">\n\t\t\t\t\t\t<div class=\"elementor-container elementor-column-gap-default\">\n\t\t\t\t\t<div class=\"elementor-column elementor-col-100 elementor-top-column elementor-element elementor-element-f0ed63f\" data-id=\"f0ed63f\" data-element_type=\"column\" data-e-type=\"column\">\n\t\t\t<div class=\"elementor-widget-wrap elementor-element-populated\">\n\t\t\t\t\t\t<div class=\"elementor-element elementor-element-30a6984 elementor-widget-divider--view-line_icon elementor-view-default elementor-widget-divider--element-align-center elementor-widget elementor-widget-divider\" data-id=\"30a6984\" data-element_type=\"widget\" data-e-type=\"widget\" data-widget_type=\"divider.default\">\n\t\t\t\t<div class=\"elementor-widget-container\">\n\t\t\t\t\t\t\t<div class=\"elementor-divider\">\n\t\t\t<span class=\"elementor-divider-separator\">\n\t\t\t\t\t\t\t<div class=\"elementor-icon elementor-divider__element\">\n\t\t\t\t\t<i aria-hidden=\"true\" class=\"far fa-gem\"><\/i><\/div>\n\t\t\t\t\t\t<\/span>\n\t\t<\/div>\n\t\t\t\t\t\t<\/div>\n\t\t\t\t<\/div>\n\t\t\t\t<div class=\"elementor-element elementor-element-a5e75ec elementor-widget elementor-widget-heading\" data-id=\"a5e75ec\" data-element_type=\"widget\" data-e-type=\"widget\" data-widget_type=\"heading.default\">\n\t\t\t\t<div class=\"elementor-widget-container\">\n\t\t\t\t\t<h1 class=\"elementor-heading-title elementor-size-default\">POSTANI DIO NA\u0160EG TEAMA<\/h1>\t\t\t\t<\/div>\n\t\t\t\t<\/div>\n\t\t\t\t<div class=\"elementor-element elementor-element-a32081b elementor-widget elementor-widget-heading\" data-id=\"a32081b\" data-element_type=\"widget\" data-e-type=\"widget\" data-widget_type=\"heading.default\">\n\t\t\t\t<div class=\"elementor-widget-container\">\n\t\t\t\t\t<h1 class=\"elementor-heading-title elementor-size-default\">KONOBARICA \/ KONOBAR (M\/\u017d)<\/h1>\t\t\t\t<\/div>\n\t\t\t\t<\/div>\n\t\t\t\t<div class=\"elementor-element elementor-element-363d769 elementor-widget elementor-widget-text-editor\" data-id=\"363d769\" data-element_type=\"widget\" data-e-type=\"widget\" data-widget_type=\"text-editor.default\">\n\t\t\t\t<div class=\"elementor-widget-container\">\n\t\t\t\t\t\t\t\t\t<p><strong>U potrazi si za novim poslom?<\/strong><\/p><p>Komunikativna si i ljubazna osoba spremna za rad u dinami\u010dnom timskom okru\u017eenju?<\/p><p>Ima\u0161 iskustva u ugostiteljstvu, ali i ako nema\u0161, voli\u0161 u\u010diti?<\/p>\t\t\t\t\t\t\t\t<\/div>\n\t\t\t\t<\/div>\n\t\t\t\t<div class=\"elementor-element elementor-element-ed985bb elementor-widget elementor-widget-text-editor\" data-id=\"ed985bb\" data-element_type=\"widget\" data-e-type=\"widget\" data-widget_type=\"text-editor.default\">\n\t\t\t\t<div class=\"elementor-widget-container\">\n\t\t\t\t\t\t\t\t\t<p><b>Ako je tvoj odgovor na sva pitanja pozitivan, onda tra\u017eimo upravo tebe!<\/b><\/p>\t\t\t\t\t\t\t\t<\/div>\n\t\t\t\t<\/div>\n\t\t\t\t<div class=\"elementor-element elementor-element-3795d40 elementor-widget elementor-widget-heading\" data-id=\"3795d40\" data-element_type=\"widget\" data-e-type=\"widget\" data-widget_type=\"heading.default\">\n\t\t\t\t<div class=\"elementor-widget-container\">\n\t\t\t\t\t<h1 class=\"elementor-heading-title elementor-size-default\">ONO \u0160TO MI NUDIMO<\/h1>\t\t\t\t<\/div>\n\t\t\t\t<\/div>\n\t\t\t\t<div class=\"elementor-element elementor-element-312a1b5 elementor-widget elementor-widget-text-editor\" data-id=\"312a1b5\" data-element_type=\"widget\" data-e-type=\"widget\" data-widget_type=\"text-editor.default\">\n\t\t\t\t<div class=\"elementor-widget-container\">\n\t\t\t\t\t\t\t\t\t<p>\u270c\ufe0fDVA SLOBODNA DANA \/ \ud83c\udf5b TOPLI OBROK \/ \ud83c\udf84BO\u017dI\u0106NICA \/ \ud83d\udc30USKRSNICA<\/p><p>\ud83c\udfc4\ud83c\udffb\u200d\u2642\ufe0fGODI\u0160NJI ODMOR \u010cAK I ZA NOVOZAPOSLENE<\/p><p>\ud83d\udcb5PLA\u0106U SUKLADNO ZNANJU I ISKUSTVU KOJU DOGOVARAMO NA RAZGOVORU ZA POSAO<\/p><p>\ud83d\ude0aUGODNU RADNU ATMOSFERU<\/p>\t\t\t\t\t\t\t\t<\/div>\n\t\t\t\t<\/div>\n\t\t\t\t<div class=\"elementor-element elementor-element-eee6a39 elementor-widget elementor-widget-heading\" data-id=\"eee6a39\" data-element_type=\"widget\" data-e-type=\"widget\" data-widget_type=\"heading.default\">\n\t\t\t\t<div class=\"elementor-widget-container\">\n\t\t\t\t\t<h1 class=\"elementor-heading-title elementor-size-default\">\ud83d\udcdeZA PRIJAVU NAZOVI\ud83d\udcde<\/h1>\t\t\t\t<\/div>\n\t\t\t\t<\/div>\n\t\t\t\t<div class=\"elementor-element elementor-element-b296888 elementor-widget elementor-widget-text-editor\" data-id=\"b296888\" data-element_type=\"widget\" data-e-type=\"widget\" data-widget_type=\"text-editor.default\">\n\t\t\t\t<div class=\"elementor-widget-container\">\n\t\t\t\t\t\t\t\t\t<a href=\"tel: 385989607830\">+385 98 9607 830<\/a>\n\t\t\t\t\t\t\t\t<\/div>\n\t\t\t\t<\/div>\n\t\t\t\t<div class=\"elementor-element elementor-element-1d436f3 elementor-widget elementor-widget-heading\" data-id=\"1d436f3\" data-element_type=\"widget\" data-e-type=\"widget\" data-widget_type=\"heading.default\">\n\t\t\t\t<div class=\"elementor-widget-container\">\n\t\t\t\t\t<h1 class=\"elementor-heading-title elementor-size-default\">\u2709\ufe0fPO\u0160ALJI EMAIL NA\u2709\ufe0f<\/h1>\t\t\t\t<\/div>\n\t\t\t\t<\/div>\n\t\t\t\t<div class=\"elementor-element elementor-element-b5c4be3 elementor-widget elementor-widget-text-editor\" data-id=\"b5c4be3\" data-element_type=\"widget\" data-e-type=\"widget\" data-widget_type=\"text-editor.default\">\n\t\t\t\t<div class=\"elementor-widget-container\">\n\t\t\t\t\t\t\t\t\t<a href=\"mailto:boing.zagreb@gmail.com\">boing.zagreb@gmail.com<\/a>\n\t\t\t\t\t\t\t\t<\/div>\n\t\t\t\t<\/div>\n\t\t\t\t\t<\/div>\n\t\t<\/div>\n\t\t\t\t\t<\/div>\n\t\t<\/section>\n\t\t\t\t<section class=\"elementor-section elementor-top-section elementor-element elementor-element-d79af0c elementor-section-height-min-height elementor-section-boxed elementor-section-height-default elementor-section-items-middle\" data-id=\"d79af0c\" data-element_type=\"section\" data-e-type=\"section\" data-settings=\"{&quot;background_background&quot;:&quot;classic&quot;}\">\n\t\t\t\t\t\t<div class=\"elementor-container elementor-column-gap-default\">\n\t\t\t\t\t<div class=\"elementor-column elementor-col-100 elementor-top-column elementor-element elementor-element-9bcff95\" data-id=\"9bcff95\" data-element_type=\"column\" data-e-type=\"column\">\n\t\t\t<div class=\"elementor-widget-wrap\">\n\t\t\t\t\t\t\t<\/div>\n\t\t<\/div>\n\t\t\t\t\t<\/div>\n\t\t<\/section>\n\t\t\t\t<\/div>","protected":false},"excerpt":{"rendered":"<p>POSTANI DIO NA\u0160EG TEAMA KONOBARICA \/ KONOBAR (M\/\u017d) U potrazi si za novim poslom? Komunikativna si i ljubazna osoba spremna za rad u dinami\u010dnom timskom okru\u017eenju? Ima\u0161 iskustva u ugostiteljstvu, ali i ako nema\u0161, voli\u0161 u\u010diti? Ako je tvoj odgovor na sva pitanja pozitivan, onda tra\u017eimo upravo tebe! ONO \u0160TO MI NUDIMO DVA SLOBODNA DANA [&hellip;]<\/p>","protected":false},"author":1,"featured_media":0,"parent":0,"menu_order":0,"comment_status":"closed","ping_status":"closed","template":"","meta":{"nf_dc_page":"","om_disable_all_campaigns":false,"site-sidebar-layout":"no-sidebar","site-content-layout":"page-builder","ast-site-content-layout":"full-width-container","site-content-style":"default","site-sidebar-style":"default","ast-global-header-display":"","ast-banner-title-visibility":"","ast-main-header-display":"","ast-hfb-above-header-display":"","ast-hfb-below-header-display":"","ast-hfb-mobile-header-display":"","site-post-title":"disabled","ast-breadcrumbs-content":"","ast-featured-img":"disabled","footer-sml-layout":"","ast-disable-related-posts":"","theme-transparent-header-meta":"","adv-header-id-meta":"","stick-header-meta":"","header-above-stick-meta":"","header-main-stick-meta":"","header-below-stick-meta":"","astra-migrate-meta-layouts":"set","ast-page-background-enabled":"default","ast-page-background-meta":{"desktop":{"background-color":"var(--ast-global-color-4)","background-image":"","background-repeat":"repeat","background-position":"center center","background-size":"auto","background-attachment":"scroll","background-type":"","background-media":"","overlay-type":"","overlay-color":"","overlay-opacity":"","overlay-gradient":""},"tablet":{"background-color":"","background-image":"","background-repeat":"repeat","background-position":"center center","background-size":"auto","background-attachment":"scroll","background-type":"","background-media":"","overlay-type":"","overlay-color":"","overlay-opacity":"","overlay-gradient":""},"mobile":{"background-color":"","background-image":"","background-repeat":"repeat","background-position":"center center","background-size":"auto","background-attachment":"scroll","background-type":"","background-media":"","overlay-type":"","overlay-color":"","overlay-opacity":"","overlay-gradient":""}},"ast-content-background-meta":{"desktop":{"background-color":"var(--ast-global-color-5)","background-image":"","background-repeat":"repeat","background-position":"center center","background-size":"auto","background-attachment":"scroll","background-type":"","background-media":"","overlay-type":"","overlay-color":"","overlay-opacity":"","overlay-gradient":""},"tablet":{"background-color":"var(--ast-global-color-5)","background-image":"","background-repeat":"repeat","background-position":"center center","background-size":"auto","background-attachment":"scroll","background-type":"","background-media":"","overlay-type":"","overlay-color":"","overlay-opacity":"","overlay-gradient":""},"mobile":{"background-color":"var(--ast-global-color-5)","background-image":"","background-repeat":"repeat","background-position":"center center","background-size":"auto","background-attachment":"scroll","background-type":"","background-media":"","overlay-type":"","overlay-color":"","overlay-opacity":"","overlay-gradient":""}},"footnotes":""},"class_list":["post-2179","page","type-page","status-publish","hentry"],"yoast_head":"<!-- This site is optimized with the Yoast SEO plugin v27.5 - https:\/\/yoast.com\/product\/yoast-seo-wordpress\/ -->\n<title>Posao Konobar Konobarica - Boing Bar<\/title>\n<meta name=\"robots\" content=\"index, follow, max-snippet:-1, max-image-preview:large, max-video-preview:-1\" \/>\n<link rel=\"canonical\" href=\"https:\/\/boingbar.com\/en\/posao-konobar-konobarica\/\" \/>\n<meta property=\"og:locale\" content=\"en_US\" \/>\n<meta property=\"og:type\" content=\"article\" \/>\n<meta property=\"og:title\" content=\"Posao Konobar Konobarica - Boing Bar\" \/>\n<meta property=\"og:description\" content=\"POSTANI DIO NA\u0160EG TEAMA KONOBARICA \/ KONOBAR (M\/\u017d) U potrazi si za novim poslom? Komunikativna si i ljubazna osoba spremna za rad u dinami\u010dnom timskom okru\u017eenju? Ima\u0161 iskustva u ugostiteljstvu, ali i ako nema\u0161, voli\u0161 u\u010diti? Ako je tvoj odgovor na sva pitanja pozitivan, onda tra\u017eimo upravo tebe! ONO \u0160TO MI NUDIMO DVA SLOBODNA DANA [&hellip;]\" \/>\n<meta property=\"og:url\" content=\"https:\/\/boingbar.com\/en\/posao-konobar-konobarica\/\" \/>\n<meta property=\"og:site_name\" content=\"Boing Bar\" \/>\n<meta property=\"article:modified_time\" content=\"2024-09-18T06:26:03+00:00\" \/>\n<meta name=\"twitter:card\" content=\"summary_large_image\" \/>\n<meta name=\"twitter:label1\" content=\"Est. reading time\" \/>\n\t<meta name=\"twitter:data1\" content=\"1 minute\" \/>\n<script type=\"application\/ld+json\" class=\"yoast-schema-graph\">{\"@context\":\"https:\\\/\\\/schema.org\",\"@graph\":[{\"@type\":\"WebPage\",\"@id\":\"https:\\\/\\\/boingbar.com\\\/posao-konobar-konobarica\\\/\",\"url\":\"https:\\\/\\\/boingbar.com\\\/posao-konobar-konobarica\\\/\",\"name\":\"Posao Konobar Konobarica - Boing Bar\",\"isPartOf\":{\"@id\":\"https:\\\/\\\/boingbar.com\\\/#website\"},\"datePublished\":\"2024-09-18T06:08:54+00:00\",\"dateModified\":\"2024-09-18T06:26:03+00:00\",\"breadcrumb\":{\"@id\":\"https:\\\/\\\/boingbar.com\\\/posao-konobar-konobarica\\\/#breadcrumb\"},\"inLanguage\":\"en-US\",\"potentialAction\":[{\"@type\":\"ReadAction\",\"target\":[\"https:\\\/\\\/boingbar.com\\\/posao-konobar-konobarica\\\/\"]}]},{\"@type\":\"BreadcrumbList\",\"@id\":\"https:\\\/\\\/boingbar.com\\\/posao-konobar-konobarica\\\/#breadcrumb\",\"itemListElement\":[{\"@type\":\"ListItem\",\"position\":1,\"name\":\"Home\",\"item\":\"https:\\\/\\\/boingbar.com\\\/\"},{\"@type\":\"ListItem\",\"position\":2,\"name\":\"Posao Konobar Konobarica\"}]},{\"@type\":\"WebSite\",\"@id\":\"https:\\\/\\\/boingbar.com\\\/#website\",\"url\":\"https:\\\/\\\/boingbar.com\\\/\",\"name\":\"Boing Bar\",\"description\":\"Staro mjesto - nove uspomene.\",\"publisher\":{\"@id\":\"https:\\\/\\\/boingbar.com\\\/#organization\"},\"potentialAction\":[{\"@type\":\"SearchAction\",\"target\":{\"@type\":\"EntryPoint\",\"urlTemplate\":\"https:\\\/\\\/boingbar.com\\\/?s={search_term_string}\"},\"query-input\":{\"@type\":\"PropertyValueSpecification\",\"valueRequired\":true,\"valueName\":\"search_term_string\"}}],\"inLanguage\":\"en-US\"},{\"@type\":\"Organization\",\"@id\":\"https:\\\/\\\/boingbar.com\\\/#organization\",\"name\":\"Boing Bar\",\"url\":\"https:\\\/\\\/boingbar.com\\\/\",\"logo\":{\"@type\":\"ImageObject\",\"inLanguage\":\"en-US\",\"@id\":\"https:\\\/\\\/boingbar.com\\\/#\\\/schema\\\/logo\\\/image\\\/\",\"url\":\"https:\\\/\\\/i0.wp.com\\\/boingbar.com\\\/wp-content\\\/uploads\\\/2023\\\/03\\\/BOING_Logo_1_Horizontal_-03-scaled.png?fit=2560%2C1440&ssl=1\",\"contentUrl\":\"https:\\\/\\\/i0.wp.com\\\/boingbar.com\\\/wp-content\\\/uploads\\\/2023\\\/03\\\/BOING_Logo_1_Horizontal_-03-scaled.png?fit=2560%2C1440&ssl=1\",\"width\":2560,\"height\":1440,\"caption\":\"Boing Bar\"},\"image\":{\"@id\":\"https:\\\/\\\/boingbar.com\\\/#\\\/schema\\\/logo\\\/image\\\/\"}}]}<\/script>\n<!-- \/ Yoast SEO plugin. -->","yoast_head_json":{"title":"Posao Konobar Konobarica - Boing Bar","robots":{"index":"index","follow":"follow","max-snippet":"max-snippet:-1","max-image-preview":"max-image-preview:large","max-video-preview":"max-video-preview:-1"},"canonical":"https:\/\/boingbar.com\/en\/posao-konobar-konobarica\/","og_locale":"en_US","og_type":"article","og_title":"Posao Konobar Konobarica - Boing Bar","og_description":"POSTANI DIO NA\u0160EG TEAMA KONOBARICA \/ KONOBAR (M\/\u017d) U potrazi si za novim poslom? Komunikativna si i ljubazna osoba spremna za rad u dinami\u010dnom timskom okru\u017eenju? Ima\u0161 iskustva u ugostiteljstvu, ali i ako nema\u0161, voli\u0161 u\u010diti? Ako je tvoj odgovor na sva pitanja pozitivan, onda tra\u017eimo upravo tebe! ONO \u0160TO MI NUDIMO DVA SLOBODNA DANA [&hellip;]","og_url":"https:\/\/boingbar.com\/en\/posao-konobar-konobarica\/","og_site_name":"Boing Bar","article_modified_time":"2024-09-18T06:26:03+00:00","twitter_card":"summary_large_image","twitter_misc":{"Est. reading time":"1 minute"},"schema":{"@context":"https:\/\/schema.org","@graph":[{"@type":"WebPage","@id":"https:\/\/boingbar.com\/posao-konobar-konobarica\/","url":"https:\/\/boingbar.com\/posao-konobar-konobarica\/","name":"Posao Konobar Konobarica - Boing Bar","isPartOf":{"@id":"https:\/\/boingbar.com\/#website"},"datePublished":"2024-09-18T06:08:54+00:00","dateModified":"2024-09-18T06:26:03+00:00","breadcrumb":{"@id":"https:\/\/boingbar.com\/posao-konobar-konobarica\/#breadcrumb"},"inLanguage":"en-US","potentialAction":[{"@type":"ReadAction","target":["https:\/\/boingbar.com\/posao-konobar-konobarica\/"]}]},{"@type":"BreadcrumbList","@id":"https:\/\/boingbar.com\/posao-konobar-konobarica\/#breadcrumb","itemListElement":[{"@type":"ListItem","position":1,"name":"Home","item":"https:\/\/boingbar.com\/"},{"@type":"ListItem","position":2,"name":"Posao Konobar Konobarica"}]},{"@type":"WebSite","@id":"https:\/\/boingbar.com\/#website","url":"https:\/\/boingbar.com\/","name":"Boing Bar","description":"Staro mjesto - nove uspomene.","publisher":{"@id":"https:\/\/boingbar.com\/#organization"},"potentialAction":[{"@type":"SearchAction","target":{"@type":"EntryPoint","urlTemplate":"https:\/\/boingbar.com\/?s={search_term_string}"},"query-input":{"@type":"PropertyValueSpecification","valueRequired":true,"valueName":"search_term_string"}}],"inLanguage":"en-US"},{"@type":"Organization","@id":"https:\/\/boingbar.com\/#organization","name":"Boing Bar","url":"https:\/\/boingbar.com\/","logo":{"@type":"ImageObject","inLanguage":"en-US","@id":"https:\/\/boingbar.com\/#\/schema\/logo\/image\/","url":"https:\/\/i0.wp.com\/boingbar.com\/wp-content\/uploads\/2023\/03\/BOING_Logo_1_Horizontal_-03-scaled.png?fit=2560%2C1440&ssl=1","contentUrl":"https:\/\/i0.wp.com\/boingbar.com\/wp-content\/uploads\/2023\/03\/BOING_Logo_1_Horizontal_-03-scaled.png?fit=2560%2C1440&ssl=1","width":2560,"height":1440,"caption":"Boing Bar"},"image":{"@id":"https:\/\/boingbar.com\/#\/schema\/logo\/image\/"}}]}},"jetpack_sharing_enabled":true,"_links":{"self":[{"href":"https:\/\/boingbar.com\/en\/wp-json\/wp\/v2\/pages\/2179","targetHints":{"allow":["GET"]}}],"collection":[{"href":"https:\/\/boingbar.com\/en\/wp-json\/wp\/v2\/pages"}],"about":[{"href":"https:\/\/boingbar.com\/en\/wp-json\/wp\/v2\/types\/page"}],"author":[{"embeddable":true,"href":"https:\/\/boingbar.com\/en\/wp-json\/wp\/v2\/users\/1"}],"replies":[{"embeddable":true,"href":"https:\/\/boingbar.com\/en\/wp-json\/wp\/v2\/comments?post=2179"}],"version-history":[{"count":5,"href":"https:\/\/boingbar.com\/en\/wp-json\/wp\/v2\/pages\/2179\/revisions"}],"predecessor-version":[{"id":2193,"href":"https:\/\/boingbar.com\/en\/wp-json\/wp\/v2\/pages\/2179\/revisions\/2193"}],"wp:attachment":[{"href":"https:\/\/boingbar.com\/en\/wp-json\/wp\/v2\/media?parent=2179"}],"curies":[{"name":"wp","href":"https:\/\/api.w.org\/{rel}","templated":true}]}}