{"id":579,"date":"2023-04-05T02:35:23","date_gmt":"2023-04-05T02:35:23","guid":{"rendered":"https:\/\/boingbar.com\/?page_id=579"},"modified":"2023-04-05T03:35:27","modified_gmt":"2023-04-05T03:35:27","slug":"rakije-schnapps","status":"publish","type":"page","link":"https:\/\/boingbar.com\/en\/rakije-schnapps\/","title":{"rendered":"Rakije \/ Schnapps"},"content":{"rendered":"<div data-elementor-type=\"wp-page\" data-elementor-id=\"579\" class=\"elementor elementor-579\">\n\t\t\t\t\t\t<section class=\"elementor-section elementor-top-section elementor-element elementor-element-e9c3c71 elementor-section-height-min-height elementor-section-boxed elementor-section-height-default elementor-section-items-middle\" data-id=\"e9c3c71\" data-element_type=\"section\" data-e-type=\"section\">\n\t\t\t\t\t\t<div class=\"elementor-container elementor-column-gap-default\">\n\t\t\t\t\t<div class=\"elementor-column elementor-col-100 elementor-top-column elementor-element elementor-element-1e5cce9\" data-id=\"1e5cce9\" data-element_type=\"column\" data-e-type=\"column\">\n\t\t\t<div class=\"elementor-widget-wrap\">\n\t\t\t\t\t\t\t<\/div>\n\t\t<\/div>\n\t\t\t\t\t<\/div>\n\t\t<\/section>\n\t\t\t\t<section class=\"elementor-section elementor-top-section elementor-element elementor-element-b503357 elementor-section-boxed elementor-section-height-default elementor-section-height-default\" data-id=\"b503357\" data-element_type=\"section\" data-e-type=\"section\">\n\t\t\t\t\t\t<div class=\"elementor-container elementor-column-gap-default\">\n\t\t\t\t\t<div class=\"elementor-column elementor-col-100 elementor-top-column elementor-element elementor-element-7c40a4e\" data-id=\"7c40a4e\" data-element_type=\"column\" data-e-type=\"column\">\n\t\t\t<div class=\"elementor-widget-wrap elementor-element-populated\">\n\t\t\t\t\t\t<section class=\"elementor-section elementor-inner-section elementor-element elementor-element-b7c7c2f elementor-section-boxed elementor-section-height-default elementor-section-height-default\" data-id=\"b7c7c2f\" data-element_type=\"section\" data-e-type=\"section\">\n\t\t\t\t\t\t<div class=\"elementor-container elementor-column-gap-default\">\n\t\t\t\t\t<div class=\"elementor-column elementor-col-100 elementor-inner-column elementor-element elementor-element-5da36d2\" data-id=\"5da36d2\" data-element_type=\"column\" data-e-type=\"column\">\n\t\t\t<div class=\"elementor-widget-wrap elementor-element-populated\">\n\t\t\t\t\t\t<div class=\"elementor-element elementor-element-4e10d34 elementor-widget elementor-widget-heading\" data-id=\"4e10d34\" data-element_type=\"widget\" data-e-type=\"widget\" data-widget_type=\"heading.default\">\n\t\t\t\t<div class=\"elementor-widget-container\">\n\t\t\t\t\t<h2 class=\"elementor-heading-title elementor-size-default\">SCHNAPPS<\/h2>\t\t\t\t<\/div>\n\t\t\t\t<\/div>\n\t\t\t\t<div class=\"elementor-element elementor-element-983f211 elementor-widget elementor-widget-heading\" data-id=\"983f211\" data-element_type=\"widget\" data-e-type=\"widget\" data-widget_type=\"heading.default\">\n\t\t\t\t<div class=\"elementor-widget-container\">\n\t\t\t\t\t<h2 class=\"elementor-heading-title elementor-size-default\">SCHNAPPS<\/h2>\t\t\t\t<\/div>\n\t\t\t\t<\/div>\n\t\t\t\t\t<\/div>\n\t\t<\/div>\n\t\t\t\t\t<\/div>\n\t\t<\/section>\n\t\t\t\t\t<\/div>\n\t\t<\/div>\n\t\t\t\t\t<\/div>\n\t\t<\/section>\n\t\t\t\t<section class=\"elementor-section elementor-top-section elementor-element elementor-element-c8940ac elementor-section-boxed elementor-section-height-default elementor-section-height-default\" data-id=\"c8940ac\" data-element_type=\"section\" data-e-type=\"section\">\n\t\t\t\t\t\t<div class=\"elementor-container elementor-column-gap-default\">\n\t\t\t\t\t<div class=\"elementor-column elementor-col-100 elementor-top-column elementor-element elementor-element-b2a2209\" data-id=\"b2a2209\" data-element_type=\"column\" data-e-type=\"column\">\n\t\t\t<div class=\"elementor-widget-wrap elementor-element-populated\">\n\t\t\t\t\t\t<div class=\"elementor-element elementor-element-61d3223 elementor-widget elementor-widget-price-list\" data-id=\"61d3223\" data-element_type=\"widget\" data-e-type=\"widget\" data-widget_type=\"price-list.default\">\n\t\t\t\t<div class=\"elementor-widget-container\">\n\t\t\t\t\t\n\t\t<ul class=\"elementor-price-list\">\n\n\t\t\t\t\t\t\t\t\t<li class=\"elementor-price-list-item\">\t\t\t\t\n\t\t\t\t<div class=\"elementor-price-list-text\">\n\t\t\t\t\t\t\t\t\t<div class=\"elementor-price-list-header\">\n\t\t\t\t\t\t\t\t\t\t\t<span class=\"elementor-price-list-title\">\n\t\t\t\t\t\t\t\u0160o\u0161ki\u0107 herb schnapps\t\t\t\t\t\t<\/span>\n\t\t\t\t\t\t\t\t\t\t\t\t\t\t\t\t\t\t<span class=\"elementor-price-list-separator\"><\/span>\n\t\t\t\t\t\t\t\t\t\t\t\t\t\t\t\t\t\t\t<span class=\"elementor-price-list-price\">2.20 EUR \/ 16.58 HRK<\/span>\n\t\t\t\t\t\t\t\t\t\t<\/div>\n\t\t\t\t\t\t\t\t\t\t\t\t\t\t\t<p class=\"elementor-price-list-description\">\n\t\t\t\t\t\t\tKoli\u010dina \/ Amount (0,03L) | <span style=\"font-weight:bold;\">\u0160o\u0161ki\u0107 herb schnapps<\/span>\t\t\t\t\t\t<\/p>\n\t\t\t\t\t\t\t\t<\/div>\n\t\t\t\t<\/li>\t\t\t\t\t\t\t\t\t\t\t\t<li class=\"elementor-price-list-item\">\t\t\t\t\n\t\t\t\t<div class=\"elementor-price-list-text\">\n\t\t\t\t\t\t\t\t\t<div class=\"elementor-price-list-header\">\n\t\t\t\t\t\t\t\t\t\t\t<span class=\"elementor-price-list-title\">\n\t\t\t\t\t\t\t\u0160o\u0161ki\u0107 plum schnapps\t\t\t\t\t\t<\/span>\n\t\t\t\t\t\t\t\t\t\t\t\t\t\t\t\t\t\t<span class=\"elementor-price-list-separator\"><\/span>\n\t\t\t\t\t\t\t\t\t\t\t\t\t\t\t\t\t\t\t<span class=\"elementor-price-list-price\">2.20 EUR \/ 16.58 HRK<\/span>\n\t\t\t\t\t\t\t\t\t\t<\/div>\n\t\t\t\t\t\t\t\t\t\t\t\t\t\t\t<p class=\"elementor-price-list-description\">\n\t\t\t\t\t\t\tKoli\u010dina \/ Amount (0,03L) | <span style=\"font-weight:bold;\">\u0160o\u0161ki\u0107 plum schnapps<\/span>\t\t\t\t\t\t<\/p>\n\t\t\t\t\t\t\t\t<\/div>\n\t\t\t\t<\/li>\t\t\t\t\t\t\t\t\t\t\t\t<li class=\"elementor-price-list-item\">\t\t\t\t\n\t\t\t\t<div class=\"elementor-price-list-text\">\n\t\t\t\t\t\t\t\t\t<div class=\"elementor-price-list-header\">\n\t\t\t\t\t\t\t\t\t\t\t<span class=\"elementor-price-list-title\">\n\t\t\t\t\t\t\t\u0160o\u0161ki\u0107 pear schnapps\t\t\t\t\t\t<\/span>\n\t\t\t\t\t\t\t\t\t\t\t\t\t\t\t\t\t\t<span class=\"elementor-price-list-separator\"><\/span>\n\t\t\t\t\t\t\t\t\t\t\t\t\t\t\t\t\t\t\t<span class=\"elementor-price-list-price\">3.00 EUR \/ 22.60 HRK<\/span>\n\t\t\t\t\t\t\t\t\t\t<\/div>\n\t\t\t\t\t\t\t\t\t\t\t\t\t\t\t<p class=\"elementor-price-list-description\">\n\t\t\t\t\t\t\tKoli\u010dina \/ Amount (0,03L) | <span style=\"font-weight:bold;\">\u0160o\u0161ki\u0107 pear schnapps<\/span>\t\t\t\t\t\t<\/p>\n\t\t\t\t\t\t\t\t<\/div>\n\t\t\t\t<\/li>\t\t\t\t\t\t\t\t\t\t\t\t<li class=\"elementor-price-list-item\">\t\t\t\t\n\t\t\t\t<div class=\"elementor-price-list-text\">\n\t\t\t\t\t\t\t\t\t<div class=\"elementor-price-list-header\">\n\t\t\t\t\t\t\t\t\t\t\t<span class=\"elementor-price-list-title\">\n\t\t\t\t\t\t\tRoner williams\t\t\t\t\t\t<\/span>\n\t\t\t\t\t\t\t\t\t\t\t\t\t\t\t\t\t\t<span class=\"elementor-price-list-separator\"><\/span>\n\t\t\t\t\t\t\t\t\t\t\t\t\t\t\t\t\t\t\t<span class=\"elementor-price-list-price\">3.30 EUR \/ 24.86 HRK<\/span>\n\t\t\t\t\t\t\t\t\t\t<\/div>\n\t\t\t\t\t\t\t\t\t\t\t\t\t\t\t<p class=\"elementor-price-list-description\">\n\t\t\t\t\t\t\tKoli\u010dina \/ Amount (0,03L)\t\t\t\t\t\t<\/p>\n\t\t\t\t\t\t\t\t<\/div>\n\t\t\t\t<\/li>\t\t\t\t\t\t\t\t\t\t\t\t<li class=\"elementor-price-list-item\">\t\t\t\t\n\t\t\t\t<div class=\"elementor-price-list-text\">\n\t\t\t\t\t\t\t\t\t<div class=\"elementor-price-list-header\">\n\t\t\t\t\t\t\t\t\t\t\t<span class=\"elementor-price-list-title\">\n\t\t\t\t\t\t\tRonner pomme (jabuka) \t\t\t\t\t\t<\/span>\n\t\t\t\t\t\t\t\t\t\t\t\t\t\t\t\t\t\t<span class=\"elementor-price-list-separator\"><\/span>\n\t\t\t\t\t\t\t\t\t\t\t\t\t\t\t\t\t\t\t<span class=\"elementor-price-list-price\">3.00 EUR \/ 22.60 HRK<\/span>\n\t\t\t\t\t\t\t\t\t\t<\/div>\n\t\t\t\t\t\t\t\t\t\t\t\t\t\t\t<p class=\"elementor-price-list-description\">\n\t\t\t\t\t\t\tKoli\u010dina \/ Amount (0,03L) | <span style=\"font-weight:bold;\">Ronner pomme (apple)<\/span>\t\t\t\t\t\t<\/p>\n\t\t\t\t\t\t\t\t<\/div>\n\t\t\t\t<\/li>\t\t\t\t\t\t\t\t\t\t\t\t<li class=\"elementor-price-list-item\">\t\t\t\t\n\t\t\t\t<div class=\"elementor-price-list-text\">\n\t\t\t\t\t\t\t\t\t<div class=\"elementor-price-list-header\">\n\t\t\t\t\t\t\t\t\t\t\t<span class=\"elementor-price-list-title\">\n\t\t\t\t\t\t\t\u0160amar (dunja + \u0161ljiva)\t\t\t\t\t\t<\/span>\n\t\t\t\t\t\t\t\t\t\t\t\t\t\t\t\t\t\t<span class=\"elementor-price-list-separator\"><\/span>\n\t\t\t\t\t\t\t\t\t\t\t\t\t\t\t\t\t\t\t<span class=\"elementor-price-list-price\">3.00 EUR \/ 22.60 HRK<\/span>\n\t\t\t\t\t\t\t\t\t\t<\/div>\n\t\t\t\t\t\t\t\t\t\t\t\t\t\t\t<p class=\"elementor-price-list-description\">\n\t\t\t\t\t\t\tKoli\u010dina \/ Amount (0,03L) | <span style=\"font-weight:bold;\">\u0160amar (quince + plum) schnapps<\/span>\t\t\t\t\t\t<\/p>\n\t\t\t\t\t\t\t\t<\/div>\n\t\t\t\t<\/li>\t\t\t\t\t\t\t\t\t\t\t\t<li class=\"elementor-price-list-item\">\t\t\t\t\n\t\t\t\t<div class=\"elementor-price-list-text\">\n\t\t\t\t\t\t\t\t\t<div class=\"elementor-price-list-header\">\n\t\t\t\t\t\t\t\t\t\t\t<span class=\"elementor-price-list-title\">\n\t\t\t\t\t\t\tKorlat barrique loza\t\t\t\t\t\t<\/span>\n\t\t\t\t\t\t\t\t\t\t\t\t\t\t\t\t\t\t<span class=\"elementor-price-list-separator\"><\/span>\n\t\t\t\t\t\t\t\t\t\t\t\t\t\t\t\t\t\t\t<span class=\"elementor-price-list-price\">3.50 EUR \/ 26.37 HRK<\/span>\n\t\t\t\t\t\t\t\t\t\t<\/div>\n\t\t\t\t\t\t\t\t\t\t\t\t\t\t\t<p class=\"elementor-price-list-description\">\n\t\t\t\t\t\t\tKoli\u010dina \/ Amount (0,03L)\t\t\t\t\t\t<\/p>\n\t\t\t\t\t\t\t\t<\/div>\n\t\t\t\t<\/li>\t\t\t\t\t\n\t\t<\/ul>\n\n\t\t\t\t\t\t<\/div>\n\t\t\t\t<\/div>\n\t\t\t\t\t<\/div>\n\t\t<\/div>\n\t\t\t\t\t<\/div>\n\t\t<\/section>\n\t\t\t\t<section class=\"elementor-section elementor-top-section elementor-element elementor-element-013001e elementor-section-height-min-height elementor-section-boxed elementor-section-height-default elementor-section-items-middle\" data-id=\"013001e\" data-element_type=\"section\" data-e-type=\"section\">\n\t\t\t\t\t\t<div class=\"elementor-container elementor-column-gap-default\">\n\t\t\t\t\t<div class=\"elementor-column elementor-col-100 elementor-top-column elementor-element elementor-element-b04f0cb\" data-id=\"b04f0cb\" data-element_type=\"column\" data-e-type=\"column\">\n\t\t\t<div class=\"elementor-widget-wrap\">\n\t\t\t\t\t\t\t<\/div>\n\t\t<\/div>\n\t\t\t\t\t<\/div>\n\t\t<\/section>\n\t\t\t\t<\/div>","protected":false},"excerpt":{"rendered":"<p>RAKIJE SCHNAPPS \u0160o\u0161ki\u0107 travarica 2.20 EUR \/ 16.58 HRK Koli\u010dina \/ Amount (0,03L) | \u0160o\u0161ki\u0107 herb schnapps \u0160o\u0161ki\u0107 \u0161ljivovica 2.20 EUR \/ 16.58 HRK Koli\u010dina \/ Amount (0,03L) | \u0160o\u0161ki\u0107 plum schnapps \u0160o\u0161ki\u0107 viljamovka 3.00 EUR \/ 22.60 HRK Koli\u010dina \/ Amount (0,03L) | \u0160o\u0161ki\u0107 pear schnapps Roner williams 3.30 EUR \/ 24.86 HRK Koli\u010dina [&hellip;]<\/p>","protected":false},"author":1,"featured_media":0,"parent":0,"menu_order":0,"comment_status":"closed","ping_status":"closed","template":"","meta":{"nf_dc_page":"","om_disable_all_campaigns":false,"site-sidebar-layout":"no-sidebar","site-content-layout":"page-builder","ast-site-content-layout":"default","site-content-style":"default","site-sidebar-style":"default","ast-global-header-display":"","ast-banner-title-visibility":"","ast-main-header-display":"","ast-hfb-above-header-display":"","ast-hfb-below-header-display":"","ast-hfb-mobile-header-display":"","site-post-title":"disabled","ast-breadcrumbs-content":"","ast-featured-img":"disabled","footer-sml-layout":"","ast-disable-related-posts":"","theme-transparent-header-meta":"","adv-header-id-meta":"","stick-header-meta":"","header-above-stick-meta":"","header-main-stick-meta":"","header-below-stick-meta":"","astra-migrate-meta-layouts":"default","ast-page-background-enabled":"default","ast-page-background-meta":{"desktop":{"background-color":"var(--ast-global-color-4)","background-image":"","background-repeat":"repeat","background-position":"center center","background-size":"auto","background-attachment":"scroll","background-type":"","background-media":"","overlay-type":"","overlay-color":"","overlay-opacity":"","overlay-gradient":""},"tablet":{"background-color":"","background-image":"","background-repeat":"repeat","background-position":"center center","background-size":"auto","background-attachment":"scroll","background-type":"","background-media":"","overlay-type":"","overlay-color":"","overlay-opacity":"","overlay-gradient":""},"mobile":{"background-color":"","background-image":"","background-repeat":"repeat","background-position":"center center","background-size":"auto","background-attachment":"scroll","background-type":"","background-media":"","overlay-type":"","overlay-color":"","overlay-opacity":"","overlay-gradient":""}},"ast-content-background-meta":{"desktop":{"background-color":"var(--ast-global-color-5)","background-image":"","background-repeat":"repeat","background-position":"center center","background-size":"auto","background-attachment":"scroll","background-type":"","background-media":"","overlay-type":"","overlay-color":"","overlay-opacity":"","overlay-gradient":""},"tablet":{"background-color":"var(--ast-global-color-5)","background-image":"","background-repeat":"repeat","background-position":"center center","background-size":"auto","background-attachment":"scroll","background-type":"","background-media":"","overlay-type":"","overlay-color":"","overlay-opacity":"","overlay-gradient":""},"mobile":{"background-color":"var(--ast-global-color-5)","background-image":"","background-repeat":"repeat","background-position":"center center","background-size":"auto","background-attachment":"scroll","background-type":"","background-media":"","overlay-type":"","overlay-color":"","overlay-opacity":"","overlay-gradient":""}},"footnotes":""},"class_list":["post-579","page","type-page","status-publish","hentry"],"yoast_head":"<!-- This site is optimized with the Yoast SEO plugin v27.5 - https:\/\/yoast.com\/product\/yoast-seo-wordpress\/ -->\n<title>Rakije \/ Schnapps - Boing Bar<\/title>\n<meta name=\"robots\" content=\"index, follow, max-snippet:-1, max-image-preview:large, max-video-preview:-1\" \/>\n<link rel=\"canonical\" href=\"https:\/\/boingbar.com\/en\/rakije-schnapps\/\" \/>\n<meta property=\"og:locale\" content=\"en_US\" \/>\n<meta property=\"og:type\" content=\"article\" \/>\n<meta property=\"og:title\" content=\"Rakije \/ Schnapps - Boing Bar\" \/>\n<meta property=\"og:description\" content=\"RAKIJE SCHNAPPS \u0160o\u0161ki\u0107 travarica 2.20 EUR \/ 16.58 HRK Koli\u010dina \/ Amount (0,03L) | \u0160o\u0161ki\u0107 herb schnapps \u0160o\u0161ki\u0107 \u0161ljivovica 2.20 EUR \/ 16.58 HRK Koli\u010dina \/ Amount (0,03L) | \u0160o\u0161ki\u0107 plum schnapps \u0160o\u0161ki\u0107 viljamovka 3.00 EUR \/ 22.60 HRK Koli\u010dina \/ Amount (0,03L) | \u0160o\u0161ki\u0107 pear schnapps Roner williams 3.30 EUR \/ 24.86 HRK Koli\u010dina [&hellip;]\" \/>\n<meta property=\"og:url\" content=\"https:\/\/boingbar.com\/en\/rakije-schnapps\/\" \/>\n<meta property=\"og:site_name\" content=\"Boing Bar\" \/>\n<meta property=\"article:modified_time\" content=\"2023-04-05T03:35:27+00:00\" \/>\n<meta name=\"twitter:card\" content=\"summary_large_image\" \/>\n<meta name=\"twitter:label1\" content=\"Est. reading time\" \/>\n\t<meta name=\"twitter:data1\" content=\"1 minute\" \/>\n<script type=\"application\/ld+json\" class=\"yoast-schema-graph\">{\"@context\":\"https:\\\/\\\/schema.org\",\"@graph\":[{\"@type\":\"WebPage\",\"@id\":\"https:\\\/\\\/boingbar.com\\\/rakije-schnapps\\\/\",\"url\":\"https:\\\/\\\/boingbar.com\\\/rakije-schnapps\\\/\",\"name\":\"Rakije \\\/ Schnapps - Boing Bar\",\"isPartOf\":{\"@id\":\"https:\\\/\\\/boingbar.com\\\/#website\"},\"datePublished\":\"2023-04-05T02:35:23+00:00\",\"dateModified\":\"2023-04-05T03:35:27+00:00\",\"breadcrumb\":{\"@id\":\"https:\\\/\\\/boingbar.com\\\/rakije-schnapps\\\/#breadcrumb\"},\"inLanguage\":\"en-US\",\"potentialAction\":[{\"@type\":\"ReadAction\",\"target\":[\"https:\\\/\\\/boingbar.com\\\/rakije-schnapps\\\/\"]}]},{\"@type\":\"BreadcrumbList\",\"@id\":\"https:\\\/\\\/boingbar.com\\\/rakije-schnapps\\\/#breadcrumb\",\"itemListElement\":[{\"@type\":\"ListItem\",\"position\":1,\"name\":\"Home\",\"item\":\"https:\\\/\\\/boingbar.com\\\/\"},{\"@type\":\"ListItem\",\"position\":2,\"name\":\"Rakije \\\/ Schnapps\"}]},{\"@type\":\"WebSite\",\"@id\":\"https:\\\/\\\/boingbar.com\\\/#website\",\"url\":\"https:\\\/\\\/boingbar.com\\\/\",\"name\":\"Boing Bar\",\"description\":\"Staro mjesto - nove uspomene.\",\"publisher\":{\"@id\":\"https:\\\/\\\/boingbar.com\\\/#organization\"},\"potentialAction\":[{\"@type\":\"SearchAction\",\"target\":{\"@type\":\"EntryPoint\",\"urlTemplate\":\"https:\\\/\\\/boingbar.com\\\/?s={search_term_string}\"},\"query-input\":{\"@type\":\"PropertyValueSpecification\",\"valueRequired\":true,\"valueName\":\"search_term_string\"}}],\"inLanguage\":\"en-US\"},{\"@type\":\"Organization\",\"@id\":\"https:\\\/\\\/boingbar.com\\\/#organization\",\"name\":\"Boing Bar\",\"url\":\"https:\\\/\\\/boingbar.com\\\/\",\"logo\":{\"@type\":\"ImageObject\",\"inLanguage\":\"en-US\",\"@id\":\"https:\\\/\\\/boingbar.com\\\/#\\\/schema\\\/logo\\\/image\\\/\",\"url\":\"https:\\\/\\\/i0.wp.com\\\/boingbar.com\\\/wp-content\\\/uploads\\\/2023\\\/03\\\/BOING_Logo_1_Horizontal_-03-scaled.png?fit=2560%2C1440&ssl=1\",\"contentUrl\":\"https:\\\/\\\/i0.wp.com\\\/boingbar.com\\\/wp-content\\\/uploads\\\/2023\\\/03\\\/BOING_Logo_1_Horizontal_-03-scaled.png?fit=2560%2C1440&ssl=1\",\"width\":2560,\"height\":1440,\"caption\":\"Boing Bar\"},\"image\":{\"@id\":\"https:\\\/\\\/boingbar.com\\\/#\\\/schema\\\/logo\\\/image\\\/\"}}]}<\/script>\n<!-- \/ Yoast SEO plugin. -->","yoast_head_json":{"title":"Rakije \/ Schnapps - Boing Bar","robots":{"index":"index","follow":"follow","max-snippet":"max-snippet:-1","max-image-preview":"max-image-preview:large","max-video-preview":"max-video-preview:-1"},"canonical":"https:\/\/boingbar.com\/en\/rakije-schnapps\/","og_locale":"en_US","og_type":"article","og_title":"Rakije \/ Schnapps - Boing Bar","og_description":"RAKIJE SCHNAPPS \u0160o\u0161ki\u0107 travarica 2.20 EUR \/ 16.58 HRK Koli\u010dina \/ Amount (0,03L) | \u0160o\u0161ki\u0107 herb schnapps \u0160o\u0161ki\u0107 \u0161ljivovica 2.20 EUR \/ 16.58 HRK Koli\u010dina \/ Amount (0,03L) | \u0160o\u0161ki\u0107 plum schnapps \u0160o\u0161ki\u0107 viljamovka 3.00 EUR \/ 22.60 HRK Koli\u010dina \/ Amount (0,03L) | \u0160o\u0161ki\u0107 pear schnapps Roner williams 3.30 EUR \/ 24.86 HRK Koli\u010dina [&hellip;]","og_url":"https:\/\/boingbar.com\/en\/rakije-schnapps\/","og_site_name":"Boing Bar","article_modified_time":"2023-04-05T03:35:27+00:00","twitter_card":"summary_large_image","twitter_misc":{"Est. reading time":"1 minute"},"schema":{"@context":"https:\/\/schema.org","@graph":[{"@type":"WebPage","@id":"https:\/\/boingbar.com\/rakije-schnapps\/","url":"https:\/\/boingbar.com\/rakije-schnapps\/","name":"Rakije \/ Schnapps - Boing Bar","isPartOf":{"@id":"https:\/\/boingbar.com\/#website"},"datePublished":"2023-04-05T02:35:23+00:00","dateModified":"2023-04-05T03:35:27+00:00","breadcrumb":{"@id":"https:\/\/boingbar.com\/rakije-schnapps\/#breadcrumb"},"inLanguage":"en-US","potentialAction":[{"@type":"ReadAction","target":["https:\/\/boingbar.com\/rakije-schnapps\/"]}]},{"@type":"BreadcrumbList","@id":"https:\/\/boingbar.com\/rakije-schnapps\/#breadcrumb","itemListElement":[{"@type":"ListItem","position":1,"name":"Home","item":"https:\/\/boingbar.com\/"},{"@type":"ListItem","position":2,"name":"Rakije \/ Schnapps"}]},{"@type":"WebSite","@id":"https:\/\/boingbar.com\/#website","url":"https:\/\/boingbar.com\/","name":"Boing Bar","description":"Staro mjesto - nove uspomene.","publisher":{"@id":"https:\/\/boingbar.com\/#organization"},"potentialAction":[{"@type":"SearchAction","target":{"@type":"EntryPoint","urlTemplate":"https:\/\/boingbar.com\/?s={search_term_string}"},"query-input":{"@type":"PropertyValueSpecification","valueRequired":true,"valueName":"search_term_string"}}],"inLanguage":"en-US"},{"@type":"Organization","@id":"https:\/\/boingbar.com\/#organization","name":"Boing Bar","url":"https:\/\/boingbar.com\/","logo":{"@type":"ImageObject","inLanguage":"en-US","@id":"https:\/\/boingbar.com\/#\/schema\/logo\/image\/","url":"https:\/\/i0.wp.com\/boingbar.com\/wp-content\/uploads\/2023\/03\/BOING_Logo_1_Horizontal_-03-scaled.png?fit=2560%2C1440&ssl=1","contentUrl":"https:\/\/i0.wp.com\/boingbar.com\/wp-content\/uploads\/2023\/03\/BOING_Logo_1_Horizontal_-03-scaled.png?fit=2560%2C1440&ssl=1","width":2560,"height":1440,"caption":"Boing Bar"},"image":{"@id":"https:\/\/boingbar.com\/#\/schema\/logo\/image\/"}}]}},"jetpack_sharing_enabled":true,"_links":{"self":[{"href":"https:\/\/boingbar.com\/en\/wp-json\/wp\/v2\/pages\/579","targetHints":{"allow":["GET"]}}],"collection":[{"href":"https:\/\/boingbar.com\/en\/wp-json\/wp\/v2\/pages"}],"about":[{"href":"https:\/\/boingbar.com\/en\/wp-json\/wp\/v2\/types\/page"}],"author":[{"embeddable":true,"href":"https:\/\/boingbar.com\/en\/wp-json\/wp\/v2\/users\/1"}],"replies":[{"embeddable":true,"href":"https:\/\/boingbar.com\/en\/wp-json\/wp\/v2\/comments?post=579"}],"version-history":[{"count":5,"href":"https:\/\/boingbar.com\/en\/wp-json\/wp\/v2\/pages\/579\/revisions"}],"predecessor-version":[{"id":776,"href":"https:\/\/boingbar.com\/en\/wp-json\/wp\/v2\/pages\/579\/revisions\/776"}],"wp:attachment":[{"href":"https:\/\/boingbar.com\/en\/wp-json\/wp\/v2\/media?parent=579"}],"curies":[{"name":"wp","href":"https:\/\/api.w.org\/{rel}","templated":true}]}}